{"id":1770,"date":"2024-09-16T10:31:35","date_gmt":"2024-09-16T10:31:35","guid":{"rendered":"https:\/\/www.aylinleclaire.com\/?post_type=product&#038;p=1770"},"modified":"2024-10-01T20:50:43","modified_gmt":"2024-10-01T20:50:43","slug":"sculptural-rituals","status":"publish","type":"product","link":"https:\/\/www.aylinleclaire.com\/en\/product\/sculptural-rituals\/","title":{"rendered":"Sculptural Rituals<br>(Album)"},"content":{"rendered":"<h3>Aylin Leclaire releases innovative debut album with holographic art<\/h3>\n<p class=\"p1\">In December 2022, Aylin Leclaire introduced her debut album \u201eSculptural Rituals\u201c, offering a fresh and unique experience for music fans. Instead of traditional formats, Leclaire released her album as sculptural rituals in the form of holograms.<\/p>\n<p class=\"p1\">These sculptural albums are available in two unique forms: a DIY hologram pyramid that attaches to a smartphone, and a beautifully crafted ceramic sculpture designed to hold the phone. Each song features its own exclusive hologram video, accessible via QR codes.<\/p>\n<p class=\"p1\">Leclaire\u2018s inventive approach adds a new dimension to music consumption, blending audio and visual art in a captivating way.<\/p>","protected":false},"excerpt":{"rendered":"<p>Aylin Leclaire ver\u00f6ffentlicht innovatives Deb\u00fctalbum mit holografischer Kunst Im Dezember 2022 ver\u00f6ffentlichte Aylin Leclaire ihr Deb\u00fctalbum \u201eSculptural Rituals\u201c. Anstelle herk\u00f6mmlicher Formate pr\u00e4sentierte Leclaire ihr Album als skulpturales Ritual in Form von Hologrammen. Diese skulpturalen Alben sind in zwei Ausf\u00fchrungen erh\u00e4ltlich: als DIY- Hologramm-Pyramide, die an einem Smartphone befestigt wird, und als kunstvoll gestaltete Keramikskulptur, auf [&hellip;]<\/p>\n","protected":false},"featured_media":1111,"template":"","meta":{"_acf_changed":false,"ngg_post_thumbnail":0},"product_brand":[],"product_cat":[20],"product_tag":[],"class_list":{"0":"post-1770","1":"product","2":"type-product","3":"status-publish","4":"has-post-thumbnail","6":"product_cat-uncategorized","8":"first","9":"instock","10":"shipping-taxable","11":"purchasable","12":"product-type-simple"},"acf":[],"_links":{"self":[{"href":"https:\/\/www.aylinleclaire.com\/en\/wp-json\/wp\/v2\/product\/1770","targetHints":{"allow":["GET"]}}],"collection":[{"href":"https:\/\/www.aylinleclaire.com\/en\/wp-json\/wp\/v2\/product"}],"about":[{"href":"https:\/\/www.aylinleclaire.com\/en\/wp-json\/wp\/v2\/types\/product"}],"wp:featuredmedia":[{"embeddable":true,"href":"https:\/\/www.aylinleclaire.com\/en\/wp-json\/wp\/v2\/media\/1111"}],"wp:attachment":[{"href":"https:\/\/www.aylinleclaire.com\/en\/wp-json\/wp\/v2\/media?parent=1770"}],"wp:term":[{"taxonomy":"product_brand","embeddable":true,"href":"https:\/\/www.aylinleclaire.com\/en\/wp-json\/wp\/v2\/product_brand?post=1770"},{"taxonomy":"product_cat","embeddable":true,"href":"https:\/\/www.aylinleclaire.com\/en\/wp-json\/wp\/v2\/product_cat?post=1770"},{"taxonomy":"product_tag","embeddable":true,"href":"https:\/\/www.aylinleclaire.com\/en\/wp-json\/wp\/v2\/product_tag?post=1770"}],"curies":[{"name":"wp","href":"https:\/\/api.w.org\/{rel}","templated":true}]}}